{"id":287,"date":"2024-06-23T05:30:24","date_gmt":"2024-06-23T05:30:24","guid":{"rendered":"https:\/\/rftest.com.mx\/?page_id=287"},"modified":"2024-06-23T05:42:08","modified_gmt":"2024-06-23T05:42:08","slug":"noticias-blog","status":"publish","type":"page","link":"https:\/\/rftest.com.mx\/?page_id=287","title":{"rendered":"Noticias &#8211;  blog"},"content":{"rendered":"\n<p class=\"has-medium-font-size\">Aqu\u00ed encontrar\u00e1s noticias e informaci\u00f3n de inter\u00e9s sobre el mundo de las tecnolog\u00edas en radiofrecuencias.<\/p>\n","protected":false},"excerpt":{"rendered":"<p>Aqu\u00ed encontrar\u00e1s noticias e informaci\u00f3n de inter\u00e9s sobre el mundo de las tecnolog\u00edas en radiofrecuencias.<\/p>\n","protected":false},"author":1,"featured_media":0,"parent":0,"menu_order":0,"comment_status":"closed","ping_status":"closed","template":"","meta":{"jetpack_post_was_ever_published":false,"footnotes":""},"class_list":["post-287","page","type-page","status-publish","hentry"],"jetpack_sharing_enabled":true,"_links":{"self":[{"href":"https:\/\/rftest.com.mx\/index.php?rest_route=\/wp\/v2\/pages\/287","targetHints":{"allow":["GET"]}}],"collection":[{"href":"https:\/\/rftest.com.mx\/index.php?rest_route=\/wp\/v2\/pages"}],"about":[{"href":"https:\/\/rftest.com.mx\/index.php?rest_route=\/wp\/v2\/types\/page"}],"author":[{"embeddable":true,"href":"https:\/\/rftest.com.mx\/index.php?rest_route=\/wp\/v2\/users\/1"}],"replies":[{"embeddable":true,"href":"https:\/\/rftest.com.mx\/index.php?rest_route=%2Fwp%2Fv2%2Fcomments&post=287"}],"version-history":[{"count":4,"href":"https:\/\/rftest.com.mx\/index.php?rest_route=\/wp\/v2\/pages\/287\/revisions"}],"predecessor-version":[{"id":299,"href":"https:\/\/rftest.com.mx\/index.php?rest_route=\/wp\/v2\/pages\/287\/revisions\/299"}],"wp:attachment":[{"href":"https:\/\/rftest.com.mx\/index.php?rest_route=%2Fwp%2Fv2%2Fmedia&parent=287"}],"curies":[{"name":"wp","href":"https:\/\/api.w.org\/{rel}","templated":true}]}}