{"id":268,"date":"2024-06-23T04:23:35","date_gmt":"2024-06-23T04:23:35","guid":{"rendered":"https:\/\/rftest.com.mx\/?page_id=268"},"modified":"2024-06-27T05:33:01","modified_gmt":"2024-06-27T05:33:01","slug":"compatibilidad-electromagnetica-emc","status":"publish","type":"page","link":"https:\/\/rftest.com.mx\/?page_id=268","title":{"rendered":"Compatibilidad electromagn\u00e9tica (EMC)"},"content":{"rendered":"\n<div class=\"aligncenter blockart-section blockart-section-1dd2273f aligncenter\"><div class=\"blockart-overlay\"><\/div><div class=\"blockart-container\"><div class=\"blockart-section-inner\">\n<div class=\"blockart-column blockart-column-6fe96676\"><div class=\"blockart-column-inner\"><\/div><\/div>\n\n\n\n<div class=\"blockart-column blockart-column-68d99236\"><div class=\"blockart-column-inner\">\n<h1 class=\"blockart-heading blockart-heading-0eb0f0e3 is-small\">\u00bfQu\u00e9 es la EMC?<\/h1>\n\n\n\n<p class=\"blockart-paragraph blockart-paragraph-6688f7a5\">La compatibilidad electromagn\u00e9tica se define como aquel estado de operaci\u00f3n en el cual los dispositivos, equipos o sistemas electrot\u00e9cnicos (esto es, aquellos que son una aplicaci\u00f3n de la electricidad) pueden coexistir y operar conforme fueron dise\u00f1ados, sin ser degradados en su funcionalidad por la presencia de otros equipos presentes en su entorno y sin causar degradaci\u00f3n a otros. Tiene 3 aspectos:<\/p>\n<\/div><\/div>\n\n\n\n<div class=\"blockart-column blockart-column-32acd1d3\"><div class=\"blockart-column-inner\"><\/div><\/div>\n<\/div><\/div><\/div>\n\n\n\n<div class=\"blockart-section blockart-section-80eaf451\"><div class=\"blockart-container\"><div class=\"blockart-section-inner\">\n<div class=\"blockart-column blockart-column-6a474758\"><div class=\"blockart-column-inner\">\n<figure class=\"blockart-image blockart-image-eefc31e9\"><img loading=\"lazy\" decoding=\"async\" class=\"wp-image-322 hover-effect-static filter-none mask mask-none\" src=\"https:\/\/rftest.com.mx\/wp-content\/uploads\/2024\/06\/567665025572_copia-scaled.jpg\" alt=\"\" height=\"1400\" width=\"2560\" srcset=\"https:\/\/rftest.com.mx\/wp-content\/uploads\/2024\/06\/567665025572_copia-scaled.jpg 2560w, https:\/\/rftest.com.mx\/wp-content\/uploads\/2024\/06\/567665025572_copia-300x164.jpg 300w, https:\/\/rftest.com.mx\/wp-content\/uploads\/2024\/06\/567665025572_copia-1024x560.jpg 1024w, https:\/\/rftest.com.mx\/wp-content\/uploads\/2024\/06\/567665025572_copia-768x420.jpg 768w, https:\/\/rftest.com.mx\/wp-content\/uploads\/2024\/06\/567665025572_copia-1536x840.jpg 1536w, https:\/\/rftest.com.mx\/wp-content\/uploads\/2024\/06\/567665025572_copia-2048x1120.jpg 2048w\" sizes=\"auto, (max-width: 2560px) 100vw, 2560px\" \/><\/figure>\n\n\n\n<h3 class=\"blockart-heading blockart-heading-372946d9\">Emisiones<\/h3>\n\n\n\n<p class=\"blockart-paragraph blockart-paragraph-33a13be3\">Implica que todo equipo electrot\u00e9cnico no debe emitir perturbaciones electromagn\u00e9ticas  por arriba de los  l\u00edmites establecidos por la norma o regulaci\u00f3n.<\/p>\n<\/div><\/div>\n\n\n\n<div class=\"blockart-column blockart-column-f8642054\"><div class=\"blockart-column-inner\">\n<figure class=\"blockart-image blockart-image-b42ea35c\"><img loading=\"lazy\" decoding=\"async\" class=\"wp-image-323 hover-effect-static filter-none mask mask-none\" src=\"https:\/\/rftest.com.mx\/wp-content\/uploads\/2024\/06\/wireless-controlled-vacuum-cleaner-with-smartphone_copia-scaled.jpg\" alt=\"\" height=\"1399\" width=\"2560\" srcset=\"https:\/\/rftest.com.mx\/wp-content\/uploads\/2024\/06\/wireless-controlled-vacuum-cleaner-with-smartphone_copia-scaled.jpg 2560w, https:\/\/rftest.com.mx\/wp-content\/uploads\/2024\/06\/wireless-controlled-vacuum-cleaner-with-smartphone_copia-300x164.jpg 300w, https:\/\/rftest.com.mx\/wp-content\/uploads\/2024\/06\/wireless-controlled-vacuum-cleaner-with-smartphone_copia-1024x560.jpg 1024w, https:\/\/rftest.com.mx\/wp-content\/uploads\/2024\/06\/wireless-controlled-vacuum-cleaner-with-smartphone_copia-768x420.jpg 768w, https:\/\/rftest.com.mx\/wp-content\/uploads\/2024\/06\/wireless-controlled-vacuum-cleaner-with-smartphone_copia-1536x839.jpg 1536w, https:\/\/rftest.com.mx\/wp-content\/uploads\/2024\/06\/wireless-controlled-vacuum-cleaner-with-smartphone_copia-2048x1119.jpg 2048w\" sizes=\"auto, (max-width: 2560px) 100vw, 2560px\" \/><\/figure>\n\n\n\n<h3 class=\"blockart-heading blockart-heading-6b163d34\">Inmunidad<\/h3>\n\n\n\n<p class=\"blockart-paragraph blockart-paragraph-3a2192c3\">Implica que todo equipo electrot\u00e9cnico debe tener un m\u00ednimo de robustez ante fen\u00f3menos electromagn\u00e9ticos  y no presentar degradaci\u00f3n o falla en su funcionalidad.<\/p>\n<\/div><\/div>\n\n\n\n<div class=\"blockart-column blockart-column-30d8b79c\"><div class=\"blockart-column-inner\">\n<figure class=\"blockart-image blockart-image-c6bc781c\"><img loading=\"lazy\" decoding=\"async\" class=\"wp-image-318 hover-effect-static filter-none mask mask-none\" src=\"https:\/\/rftest.com.mx\/wp-content\/uploads\/2024\/06\/wireless-internet-wifi-icon-concept_new-scaled.jpg\" alt=\"\" height=\"1400\" width=\"2560\" srcset=\"https:\/\/rftest.com.mx\/wp-content\/uploads\/2024\/06\/wireless-internet-wifi-icon-concept_new-scaled.jpg 2560w, https:\/\/rftest.com.mx\/wp-content\/uploads\/2024\/06\/wireless-internet-wifi-icon-concept_new-300x164.jpg 300w, https:\/\/rftest.com.mx\/wp-content\/uploads\/2024\/06\/wireless-internet-wifi-icon-concept_new-1024x560.jpg 1024w, https:\/\/rftest.com.mx\/wp-content\/uploads\/2024\/06\/wireless-internet-wifi-icon-concept_new-768x420.jpg 768w, https:\/\/rftest.com.mx\/wp-content\/uploads\/2024\/06\/wireless-internet-wifi-icon-concept_new-1536x840.jpg 1536w, https:\/\/rftest.com.mx\/wp-content\/uploads\/2024\/06\/wireless-internet-wifi-icon-concept_new-2048x1120.jpg 2048w\" sizes=\"auto, (max-width: 2560px) 100vw, 2560px\" \/><\/figure>\n\n\n\n<h3 class=\"blockart-heading blockart-heading-1f08f3a9\">Bioefectos<\/h3>\n\n\n\n<p class=\"blockart-paragraph blockart-paragraph-42d92d99\">Implica que todo equipo electrot\u00e9cnico no debe emitir niveles de campo electromagn\u00e9tico de forma tal que puedan afectar adversamente la materia viva.                 <\/p>\n<\/div><\/div>\n<\/div><\/div><\/div>\n\n\n\n<p class=\"has-medium-font-size\">Dise\u00f1ar para Compatibilidad electromagn\u00e9tica implica que durante el desarrollo de un dispositivo, equipo o sistema, se tomen en cuenta estos 3 aspectos de su compatibilidad electromagn\u00e9tica; esto es, que tanto su nivel de emisiones, como el de su robustez o inmunidad, as\u00ed como los posibles bioefectos, est\u00e9n considerados y controlados.<\/p>\n\n\n\n<p class=\"has-medium-font-size\">Las emisiones se clasifican en radiadas o conducidas, que dependen b\u00e1sicamente del medio o trayectoria mediante el cual la perturbaci\u00f3n sale de un emisor y que tambi\u00e9n est\u00e1n asociadas a la frecuencia de la perturbaci\u00f3n y a algunas caracter\u00edsticas del emisor. Un aparato con cierta inmunidad deber\u00eda tenerla tanto para emisiones que lo alcancen en forma radiada como conducida.<\/p>\n\n\n\n<h3 class=\"wp-block-heading\">\u00bfQu\u00e9 nivel de emisiones y de inmunidad deber\u00eda tener lo que se est\u00e1 dise\u00f1ando?<\/h3>\n\n\n\n<p class=\"has-medium-font-size\">Esto depende del tipo de dispositivo, equipo o sistema, as\u00ed como del entorno en el que va a operar. Existe toda una clasificaci\u00f3n de productos o familias de productos; por ejemplo, tecnolog\u00edas de la informaci\u00f3n, herramientas, equipo ICM (industrial, cient\u00edfico, m\u00e9dico), etc. Los entornos se clasifican b\u00e1sicamente en entorno residencial e industrial, y algunas variantes de ellos. Dependiendo de la familia en que est\u00e9 clasificado un producto, as\u00ed como su entorno, existen normas y regulaciones que establecen los niveles m\u00e1ximos de emisiones, as\u00ed como el m\u00ednimo de robustez o inmunidad que deben tener sin sufrir degradaci\u00f3n.<\/p>\n\n\n\n<h3 class=\"wp-block-heading\">Normas y regulaciones nacionales e internacionales<\/h3>\n\n\n\n<p class=\"has-medium-font-size\">De manera general, en la esfera internacional las normas o regulaciones enfocadas a emisiones tienen como base las normas del comit\u00e9 CISPR de la IEC (International Electrotechnical Commission), en tanto que las normas de inmunidad tienen como base las normas del comit\u00e9 61000 de la IEC. En cuanto a los bioefectos, las regulaciones aplican fundamentalmente a equipos que incorporen tecnolog\u00edas inal\u00e1mbricas de telecomunicaciones. Las normas las emite el organismo regulador de comunicaciones de cada pa\u00eds y en ellas se establecen los l\u00edmites m\u00e1ximos de \u00cdndice de Absorci\u00f3n Espec\u00edfica de campo electromagn\u00e9tico (SAR) que deben cumplirse en cada aparato.<\/p>\n\n\n\n<h3 class=\"wp-block-heading\">Importancia de la compatibilidad electromagn\u00e9tica en el desarrollo de productos<\/h3>\n\n\n\n<p class=\"has-medium-font-size\">La compatibilidad electromagn\u00e9tica (EMC) es crucial para asegurar que los dispositivos electr\u00f3nicos funcionen adecuadamente en su entorno previsto sin causar ni sufrir interferencias electromagn\u00e9ticas. Esto es especialmente relevante en entornos donde m\u00faltiples dispositivos pueden interactuar, como en hogares residenciales y en instalaciones industriales. Sin una adecuada gesti\u00f3n de la EMC, los dispositivos pueden experimentar fallas, reducir su rendimiento, o en el peor de los casos, resultar da\u00f1ados.<\/p>\n\n\n\n<h3 class=\"wp-block-heading\">An\u00e1lisis y ensayo de la compatibilidad electromagn\u00e9tica<\/h3>\n\n\n\n<p class=\"has-medium-font-size\">El proceso de dise\u00f1o para EMC incluye varias etapas, tales como el an\u00e1lisis inicial del dise\u00f1o, la simulaci\u00f3n de las caracter\u00edsticas electromagn\u00e9ticas y las pruebas de conformidad. El an\u00e1lisis inicial del dise\u00f1o permite identificar posibles fuentes de emisiones no deseadas y puntos de vulnerabilidad a interferencias. Las simulaciones ayudan a prever c\u00f3mo se comportar\u00e1 el dispositivo en diversas condiciones de operaci\u00f3n. Finalmente, las pruebas de conformidad confirman que el dispositivo cumple con todas las normas y regulaciones aplicables antes de ser lanzado al mercado.<\/p>\n\n\n\n<h3 class=\"wp-block-heading\">Desaf\u00edos en la implementaci\u00f3n de la compatibilidad electromagn\u00e9tica<\/h3>\n\n\n\n<p class=\"has-medium-font-size\">Uno de los principales desaf\u00edos en la implementaci\u00f3n de la EMC es el equilibrio entre la funcionalidad del dispositivo y su capacidad para resistir interferencias. Esto puede implicar compromisos en el dise\u00f1o del hardware y la selecci\u00f3n de componentes. Adem\u00e1s, la evoluci\u00f3n constante de las tecnolog\u00edas y la creciente densidad de dispositivos en los entornos modernos hace que la EMC sea una disciplina en continuo desarrollo y adaptaci\u00f3n.<\/p>\n\n\n\n<h3 class=\"wp-block-heading\">Conclusi\u00f3n<\/h3>\n\n\n\n<p class=\"has-medium-font-size\">En conclusi\u00f3n, dise\u00f1ar para la compatibilidad electromagn\u00e9tica es un proceso complejo pero esencial, que requiere la consideraci\u00f3n de m\u00faltiples factores y la adherencia a numerosas normas y regulaciones. S\u00f3lo mediante la adecuada gesti\u00f3n de estos aspectos se puede asegurar que los dispositivos electr\u00f3nicos no s\u00f3lo funcionen correctamente en su entorno previsto, sino que tambi\u00e9n cumplan con las expectativas de robustez y seguridad establecidas por los reguladores nacionales e internacionales. La EMC garantiza que los avances tecnol\u00f3gicos sean acompa\u00f1ados por la confiabilidad y la seguridad necesarias para un mundo lleno de dispositivos interconectados.<\/p>\n","protected":false},"excerpt":{"rendered":"<p>Dise\u00f1ar para Compatibilidad electromagn\u00e9tica implica que durante el desarrollo de un dispositivo, equipo o sistema, se tomen en cuenta estos 3 aspectos de su compatibilidad electromagn\u00e9tica; esto es, que tanto su nivel de emisiones, como el de su robustez o inmunidad, as\u00ed como los posibles bioefectos, est\u00e9n considerados y controlados. Las emisiones se clasifican en [&hellip;]<\/p>\n","protected":false},"author":1,"featured_media":0,"parent":0,"menu_order":0,"comment_status":"closed","ping_status":"closed","template":"","meta":{"jetpack_post_was_ever_published":false,"footnotes":""},"class_list":["post-268","page","type-page","status-publish","hentry"],"jetpack_sharing_enabled":true,"_links":{"self":[{"href":"https:\/\/rftest.com.mx\/index.php?rest_route=\/wp\/v2\/pages\/268","targetHints":{"allow":["GET"]}}],"collection":[{"href":"https:\/\/rftest.com.mx\/index.php?rest_route=\/wp\/v2\/pages"}],"about":[{"href":"https:\/\/rftest.com.mx\/index.php?rest_route=\/wp\/v2\/types\/page"}],"author":[{"embeddable":true,"href":"https:\/\/rftest.com.mx\/index.php?rest_route=\/wp\/v2\/users\/1"}],"replies":[{"embeddable":true,"href":"https:\/\/rftest.com.mx\/index.php?rest_route=%2Fwp%2Fv2%2Fcomments&post=268"}],"version-history":[{"count":23,"href":"https:\/\/rftest.com.mx\/index.php?rest_route=\/wp\/v2\/pages\/268\/revisions"}],"predecessor-version":[{"id":341,"href":"https:\/\/rftest.com.mx\/index.php?rest_route=\/wp\/v2\/pages\/268\/revisions\/341"}],"wp:attachment":[{"href":"https:\/\/rftest.com.mx\/index.php?rest_route=%2Fwp%2Fv2%2Fmedia&parent=268"}],"curies":[{"name":"wp","href":"https:\/\/api.w.org\/{rel}","templated":true}]}}